{"id":87,"date":"2017-10-24T07:32:11","date_gmt":"2017-10-24T06:32:11","guid":{"rendered":"http:\/\/t-bud.eu\/?page_id=87"},"modified":"2017-11-02T18:39:05","modified_gmt":"2017-11-02T17:39:05","slug":"uprawnienia","status":"publish","type":"page","link":"https:\/\/t-bud.eu\/?page_id=87","title":{"rendered":"Uprawnienia"},"content":{"rendered":"<p><a href=\"http:\/\/www.t-bud.eu\/wp-content\/uploads\/2017\/10\/legitymacja-PSD.pdf\" target=\"_blank\" rel=\"noopener\"><img decoding=\"async\" class=\"aligncenter size-full wp-image-92\" src=\"http:\/\/www.t-bud.eu\/wp-content\/uploads\/2017\/10\/legitymacja-PSD.jpg\" alt=\"\" width=\"500\" srcset=\"https:\/\/www.t-bud.eu\/wp-content\/uploads\/2017\/10\/legitymacja-PSD.jpg 780w, https:\/\/www.t-bud.eu\/wp-content\/uploads\/2017\/10\/legitymacja-PSD-300x170.jpg 300w, https:\/\/www.t-bud.eu\/wp-content\/uploads\/2017\/10\/legitymacja-PSD-768x435.jpg 768w, https:\/\/www.t-bud.eu\/wp-content\/uploads\/2017\/10\/legitymacja-PSD-520x295.jpg 520w, https:\/\/www.t-bud.eu\/wp-content\/uploads\/2017\/10\/legitymacja-PSD-740x419.jpg 740w\" sizes=\"(max-width: 780px) 100vw, 780px\" \/><\/a><\/p>\n<p style=\"text-align: center;\"><strong>Legitymacja PSD<br \/>\n<\/strong>(kliknij by zobaczy\u0107 orygina\u0142)<strong><br \/>\n<\/strong><\/p>\n<hr \/>\n<p style=\"text-align: center;\"><a href=\"http:\/\/www.t-bud.eu\/wp-content\/uploads\/2017\/10\/uprawnienia-str-1.pdf\" target=\"_blank\" rel=\"noopener\"><img decoding=\"async\" class=\"aligncenter size-full wp-image-102\" src=\"http:\/\/www.t-bud.eu\/wp-content\/uploads\/2017\/10\/uprawnienia-str-1.jpg\" alt=\"\" width=\"500\" srcset=\"https:\/\/www.t-bud.eu\/wp-content\/uploads\/2017\/10\/uprawnienia-str-1.jpg 767w, https:\/\/www.t-bud.eu\/wp-content\/uploads\/2017\/10\/uprawnienia-str-1-255x300.jpg 255w, https:\/\/www.t-bud.eu\/wp-content\/uploads\/2017\/10\/uprawnienia-str-1-520x613.jpg 520w, https:\/\/www.t-bud.eu\/wp-content\/uploads\/2017\/10\/uprawnienia-str-1-740x872.jpg 740w\" sizes=\"(max-width: 767px) 100vw, 767px\" \/><\/a><br \/>\n<strong> Decyzja o stwierdzeniu przygotowania zawodowego str. 1<br \/>\n<\/strong>(kliknij by zobaczy\u0107 orygina\u0142)<strong><br \/>\n<\/strong><\/p>\n<hr \/>\n<p><a href=\"http:\/\/www.t-bud.eu\/wp-content\/uploads\/2017\/10\/uprawnienia-str-2.pdf\" target=\"_blank\" rel=\"noopener\"><br \/>\n<img decoding=\"async\" class=\"aligncenter size-full wp-image-103\" src=\"http:\/\/www.t-bud.eu\/wp-content\/uploads\/2017\/10\/uprawnienia-str-2.jpg\" alt=\"\" width=\"500\" srcset=\"https:\/\/www.t-bud.eu\/wp-content\/uploads\/2017\/10\/uprawnienia-str-2.jpg 774w, https:\/\/www.t-bud.eu\/wp-content\/uploads\/2017\/10\/uprawnienia-str-2-278x300.jpg 278w, https:\/\/www.t-bud.eu\/wp-content\/uploads\/2017\/10\/uprawnienia-str-2-768x828.jpg 768w, https:\/\/www.t-bud.eu\/wp-content\/uploads\/2017\/10\/uprawnienia-str-2-520x560.jpg 520w, https:\/\/www.t-bud.eu\/wp-content\/uploads\/2017\/10\/uprawnienia-str-2-740x797.jpg 740w\" sizes=\"(max-width: 774px) 100vw, 774px\" \/><\/a><\/p>\n<p style=\"text-align: center;\"><strong>Decyzja o stwierdzeniu przygotowania zawodowego str. 2<br \/>\n<\/strong>(kliknij by zobaczy\u0107 orygina\u0142)<strong><br \/>\n<\/strong><\/p>\n","protected":false},"excerpt":{"rendered":"<p>Legitymacja PSD (kliknij by zobaczy\u0107 orygina\u0142) Decyzja o stwierdzeniu przygotowania zawodowego str. 1 (kliknij by zobaczy\u0107 orygina\u0142) Decyzja o stwierdzeniu przygotowania zawodowego str. 2 (kliknij by zobaczy\u0107 orygina\u0142)<\/p>\n","protected":false},"author":1,"featured_media":0,"parent":0,"menu_order":0,"comment_status":"closed","ping_status":"closed","template":"","meta":{"footnotes":""},"class_list":["post-87","page","type-page","status-publish","hentry"],"_links":{"self":[{"href":"https:\/\/t-bud.eu\/index.php?rest_route=\/wp\/v2\/pages\/87","targetHints":{"allow":["GET"]}}],"collection":[{"href":"https:\/\/t-bud.eu\/index.php?rest_route=\/wp\/v2\/pages"}],"about":[{"href":"https:\/\/t-bud.eu\/index.php?rest_route=\/wp\/v2\/types\/page"}],"author":[{"embeddable":true,"href":"https:\/\/t-bud.eu\/index.php?rest_route=\/wp\/v2\/users\/1"}],"replies":[{"embeddable":true,"href":"https:\/\/t-bud.eu\/index.php?rest_route=%2Fwp%2Fv2%2Fcomments&post=87"}],"version-history":[{"count":12,"href":"https:\/\/t-bud.eu\/index.php?rest_route=\/wp\/v2\/pages\/87\/revisions"}],"predecessor-version":[{"id":90,"href":"https:\/\/t-bud.eu\/index.php?rest_route=\/wp\/v2\/pages\/87\/revisions\/90"}],"wp:attachment":[{"href":"https:\/\/t-bud.eu\/index.php?rest_route=%2Fwp%2Fv2%2Fmedia&parent=87"}],"curies":[{"name":"wp","href":"https:\/\/api.w.org\/{rel}","templated":true}]}}