{"id":69,"date":"2017-10-24T07:00:13","date_gmt":"2017-10-24T06:00:13","guid":{"rendered":"http:\/\/t-bud.eu\/?page_id=69"},"modified":"2017-10-26T05:24:28","modified_gmt":"2017-10-26T04:24:28","slug":"galeria-prac","status":"publish","type":"page","link":"https:\/\/t-bud.eu\/?page_id=69","title":{"rendered":"Realizacje"},"content":{"rendered":"<p><strong>Poni\u017cej zdj\u0119cia wybranych prac realizowanych przez moj\u0105 firm\u0119, w razie pyta\u0144 prosz\u0119 o kontakt.<\/strong><\/p>\n<p style=\"text-align: center;\"><img loading=\"lazy\" decoding=\"async\" class=\"aligncenter size-large wp-image-31\" src=\"http:\/\/www.t-bud.eu\/wp-content\/uploads\/2017\/10\/fot07-1024x614.jpg\" alt=\"\" width=\"1024\" height=\"614\" srcset=\"https:\/\/www.t-bud.eu\/wp-content\/uploads\/2017\/10\/fot07-1024x614.jpg 1024w, https:\/\/www.t-bud.eu\/wp-content\/uploads\/2017\/10\/fot07-300x180.jpg 300w, https:\/\/www.t-bud.eu\/wp-content\/uploads\/2017\/10\/fot07-768x461.jpg 768w, https:\/\/www.t-bud.eu\/wp-content\/uploads\/2017\/10\/fot07-520x312.jpg 520w, https:\/\/www.t-bud.eu\/wp-content\/uploads\/2017\/10\/fot07-740x444.jpg 740w\" sizes=\"auto, (max-width: 1024px) 100vw, 1024px\" \/><span style=\"color: #3366ff;\"><strong>Fot. 1. Apartamenty przy kr\u00f3likarni Warszawa ul. Wielicka<\/strong><\/span><\/p>\n<hr \/>\n<p style=\"text-align: center;\"><img loading=\"lazy\" decoding=\"async\" class=\"aligncenter size-large wp-image-30\" src=\"http:\/\/www.t-bud.eu\/wp-content\/uploads\/2017\/10\/fot06-1024x614.jpg\" alt=\"\" width=\"1024\" height=\"614\" srcset=\"https:\/\/www.t-bud.eu\/wp-content\/uploads\/2017\/10\/fot06-1024x614.jpg 1024w, https:\/\/www.t-bud.eu\/wp-content\/uploads\/2017\/10\/fot06-300x180.jpg 300w, https:\/\/www.t-bud.eu\/wp-content\/uploads\/2017\/10\/fot06-768x461.jpg 768w, https:\/\/www.t-bud.eu\/wp-content\/uploads\/2017\/10\/fot06-520x312.jpg 520w, https:\/\/www.t-bud.eu\/wp-content\/uploads\/2017\/10\/fot06-740x444.jpg 740w\" sizes=\"auto, (max-width: 1024px) 100vw, 1024px\" \/><span style=\"color: #3366ff;\"><strong>Fot. 2. <\/strong><strong>Apartamenty Warszawa ul. Herbsta 2<\/strong><\/span><\/p>\n<hr \/>\n<p style=\"text-align: center;\"><img loading=\"lazy\" decoding=\"async\" class=\"aligncenter size-large wp-image-29\" src=\"http:\/\/www.t-bud.eu\/wp-content\/uploads\/2017\/10\/fot05-1024x614.jpg\" alt=\"\" width=\"1024\" height=\"614\" srcset=\"https:\/\/www.t-bud.eu\/wp-content\/uploads\/2017\/10\/fot05-1024x614.jpg 1024w, https:\/\/www.t-bud.eu\/wp-content\/uploads\/2017\/10\/fot05-300x180.jpg 300w, https:\/\/www.t-bud.eu\/wp-content\/uploads\/2017\/10\/fot05-768x461.jpg 768w, https:\/\/www.t-bud.eu\/wp-content\/uploads\/2017\/10\/fot05-520x312.jpg 520w, https:\/\/www.t-bud.eu\/wp-content\/uploads\/2017\/10\/fot05-740x444.jpg 740w\" sizes=\"auto, (max-width: 1024px) 100vw, 1024px\" \/><span style=\"color: #3366ff;\"><strong>Fot. 3. Apartamenty Warszawa ul. Herbsta 2<\/strong><\/span><\/p>\n<hr \/>\n<p style=\"text-align: center;\"><img loading=\"lazy\" decoding=\"async\" class=\"aligncenter size-large wp-image-28\" src=\"http:\/\/www.t-bud.eu\/wp-content\/uploads\/2017\/10\/fot04-1024x614.jpg\" alt=\"\" width=\"1024\" height=\"614\" srcset=\"https:\/\/www.t-bud.eu\/wp-content\/uploads\/2017\/10\/fot04-1024x614.jpg 1024w, https:\/\/www.t-bud.eu\/wp-content\/uploads\/2017\/10\/fot04-300x180.jpg 300w, https:\/\/www.t-bud.eu\/wp-content\/uploads\/2017\/10\/fot04-768x461.jpg 768w, https:\/\/www.t-bud.eu\/wp-content\/uploads\/2017\/10\/fot04-520x312.jpg 520w, https:\/\/www.t-bud.eu\/wp-content\/uploads\/2017\/10\/fot04-740x444.jpg 740w\" sizes=\"auto, (max-width: 1024px) 100vw, 1024px\" \/><span style=\"color: #3366ff;\"><strong>Fot. 4. Bank ul. Waszyngtona 32 Cz\u0119stochowa -adaptacja budynku na Bank<\/strong><\/span><\/p>\n<hr \/>\n<p style=\"text-align: center;\"><img loading=\"lazy\" decoding=\"async\" class=\"aligncenter size-large wp-image-27\" src=\"http:\/\/www.t-bud.eu\/wp-content\/uploads\/2017\/10\/fot03-1024x768.jpg\" alt=\"\" width=\"1024\" height=\"768\" srcset=\"https:\/\/www.t-bud.eu\/wp-content\/uploads\/2017\/10\/fot03-1024x768.jpg 1024w, https:\/\/www.t-bud.eu\/wp-content\/uploads\/2017\/10\/fot03-300x225.jpg 300w, https:\/\/www.t-bud.eu\/wp-content\/uploads\/2017\/10\/fot03-768x576.jpg 768w, https:\/\/www.t-bud.eu\/wp-content\/uploads\/2017\/10\/fot03-520x390.jpg 520w, https:\/\/www.t-bud.eu\/wp-content\/uploads\/2017\/10\/fot03-740x555.jpg 740w\" sizes=\"auto, (max-width: 1024px) 100vw, 1024px\" \/><span style=\"color: #3366ff;\"><strong>Fot. 5.\u00a0Dom szkieletowy Por\u0119ba<\/strong><\/span><\/p>\n<hr \/>\n<p style=\"text-align: center;\"><img loading=\"lazy\" decoding=\"async\" class=\"aligncenter size-large wp-image-24\" src=\"http:\/\/www.t-bud.eu\/wp-content\/uploads\/2017\/10\/cropped-fot01-1024x453.jpg\" alt=\"\" width=\"1024\" height=\"453\" srcset=\"https:\/\/www.t-bud.eu\/wp-content\/uploads\/2017\/10\/cropped-fot01-1024x453.jpg 1024w, https:\/\/www.t-bud.eu\/wp-content\/uploads\/2017\/10\/cropped-fot01-300x133.jpg 300w, https:\/\/www.t-bud.eu\/wp-content\/uploads\/2017\/10\/cropped-fot01-768x340.jpg 768w, https:\/\/www.t-bud.eu\/wp-content\/uploads\/2017\/10\/cropped-fot01-520x230.jpg 520w, https:\/\/www.t-bud.eu\/wp-content\/uploads\/2017\/10\/cropped-fot01-740x327.jpg 740w, https:\/\/www.t-bud.eu\/wp-content\/uploads\/2017\/10\/cropped-fot01.jpg 1920w\" sizes=\"auto, (max-width: 1024px) 100vw, 1024px\" \/><span style=\"color: #3366ff;\"><strong>Fot. 6. Apartamenty przy kr\u00f3likarni Warszawa ul. Wielicka<\/strong><\/span><\/p>\n<hr \/>\n<p><img loading=\"lazy\" decoding=\"async\" class=\"aligncenter size-full wp-image-74\" src=\"http:\/\/www.t-bud.eu\/wp-content\/uploads\/2017\/10\/fot08.jpg\" alt=\"\" width=\"774\" height=\"474\" srcset=\"https:\/\/www.t-bud.eu\/wp-content\/uploads\/2017\/10\/fot08.jpg 774w, https:\/\/www.t-bud.eu\/wp-content\/uploads\/2017\/10\/fot08-300x184.jpg 300w, https:\/\/www.t-bud.eu\/wp-content\/uploads\/2017\/10\/fot08-768x470.jpg 768w, https:\/\/www.t-bud.eu\/wp-content\/uploads\/2017\/10\/fot08-520x318.jpg 520w, https:\/\/www.t-bud.eu\/wp-content\/uploads\/2017\/10\/fot08-740x453.jpg 740w\" sizes=\"auto, (max-width: 774px) 100vw, 774px\" \/><\/p>\n<p style=\"text-align: center;\"><span style=\"color: #3366ff;\"><strong>Fot. 7. \u201eDom z widokiem na morze\u201d ul. Stoigniewa 25 Gdynia<\/strong><\/span><\/p>\n<hr \/>\n<p><img loading=\"lazy\" decoding=\"async\" class=\"aligncenter size-large wp-image-75\" src=\"http:\/\/www.t-bud.eu\/wp-content\/uploads\/2017\/10\/fot09-1024x314.jpg\" alt=\"\" width=\"1024\" height=\"314\" srcset=\"https:\/\/www.t-bud.eu\/wp-content\/uploads\/2017\/10\/fot09-1024x314.jpg 1024w, https:\/\/www.t-bud.eu\/wp-content\/uploads\/2017\/10\/fot09-300x92.jpg 300w, https:\/\/www.t-bud.eu\/wp-content\/uploads\/2017\/10\/fot09-768x235.jpg 768w, https:\/\/www.t-bud.eu\/wp-content\/uploads\/2017\/10\/fot09-520x159.jpg 520w, https:\/\/www.t-bud.eu\/wp-content\/uploads\/2017\/10\/fot09-740x227.jpg 740w, https:\/\/www.t-bud.eu\/wp-content\/uploads\/2017\/10\/fot09.jpg 1236w\" sizes=\"auto, (max-width: 1024px) 100vw, 1024px\" \/><\/p>\n<p style=\"text-align: center;\"><span style=\"color: #3366ff;\"><strong>Fot. 8. Castorama w Rumi pod Gdyni\u0105<\/strong><\/span><\/p>\n<hr \/>\n<p><img loading=\"lazy\" decoding=\"async\" class=\"aligncenter size-large wp-image-76\" src=\"http:\/\/www.t-bud.eu\/wp-content\/uploads\/2017\/10\/fot10-1024x526.jpg\" alt=\"\" width=\"1024\" height=\"526\" srcset=\"https:\/\/www.t-bud.eu\/wp-content\/uploads\/2017\/10\/fot10-1024x526.jpg 1024w, https:\/\/www.t-bud.eu\/wp-content\/uploads\/2017\/10\/fot10-300x154.jpg 300w, https:\/\/www.t-bud.eu\/wp-content\/uploads\/2017\/10\/fot10-768x395.jpg 768w, https:\/\/www.t-bud.eu\/wp-content\/uploads\/2017\/10\/fot10-520x267.jpg 520w, https:\/\/www.t-bud.eu\/wp-content\/uploads\/2017\/10\/fot10-740x380.jpg 740w, https:\/\/www.t-bud.eu\/wp-content\/uploads\/2017\/10\/fot10.jpg 1171w\" sizes=\"auto, (max-width: 1024px) 100vw, 1024px\" \/><\/p>\n<p style=\"text-align: center;\"><span style=\"color: #3366ff;\"><strong>Fot. 9. Apartamenty ul. Meksyka\u0144ska Warszawa<\/strong><\/span><\/p>\n","protected":false},"excerpt":{"rendered":"<p>Poni\u017cej zdj\u0119cia wybranych prac realizowanych przez moj\u0105 firm\u0119, w razie pyta\u0144 prosz\u0119 o kontakt. Fot. 1. Apartamenty przy kr\u00f3likarni Warszawa ul. Wielicka Fot. 2. Apartamenty Warszawa ul. Herbsta 2 Fot. 3. Apartamenty Warszawa ul. Herbsta<a class=\"read-more\" href=\"https:\/\/t-bud.eu\/?page_id=69\">Continue reading<\/a><\/p>\n","protected":false},"author":1,"featured_media":0,"parent":0,"menu_order":0,"comment_status":"closed","ping_status":"closed","template":"","meta":{"footnotes":""},"class_list":["post-69","page","type-page","status-publish","hentry"],"_links":{"self":[{"href":"https:\/\/t-bud.eu\/index.php?rest_route=\/wp\/v2\/pages\/69","targetHints":{"allow":["GET"]}}],"collection":[{"href":"https:\/\/t-bud.eu\/index.php?rest_route=\/wp\/v2\/pages"}],"about":[{"href":"https:\/\/t-bud.eu\/index.php?rest_route=\/wp\/v2\/types\/page"}],"author":[{"embeddable":true,"href":"https:\/\/t-bud.eu\/index.php?rest_route=\/wp\/v2\/users\/1"}],"replies":[{"embeddable":true,"href":"https:\/\/t-bud.eu\/index.php?rest_route=%2Fwp%2Fv2%2Fcomments&post=69"}],"version-history":[{"count":10,"href":"https:\/\/t-bud.eu\/index.php?rest_route=\/wp\/v2\/pages\/69\/revisions"}],"predecessor-version":[{"id":171,"href":"https:\/\/t-bud.eu\/index.php?rest_route=\/wp\/v2\/pages\/69\/revisions\/171"}],"wp:attachment":[{"href":"https:\/\/t-bud.eu\/index.php?rest_route=%2Fwp%2Fv2%2Fmedia&parent=69"}],"curies":[{"name":"wp","href":"https:\/\/api.w.org\/{rel}","templated":true}]}}