{"id":2,"date":"2017-10-05T16:36:01","date_gmt":"2017-10-05T16:36:01","guid":{"rendered":"http:\/\/t-bud.eu\/?page_id=2"},"modified":"2017-10-31T11:17:04","modified_gmt":"2017-10-31T10:17:04","slug":"sample-page","status":"publish","type":"page","link":"https:\/\/t-bud.eu\/","title":{"rendered":"O mnie"},"content":{"rendered":"<p style=\"text-align: center;\"><strong>Oferuj\u0119 swoje wieloletnie do\u015bwiadczenie nabyte przy realizacji du\u017cych bud\u00f3w na terenie ca\u0142ego kraju, jak r\u00f3wnie\u017c przy budowie wielu dom\u00f3w jednorodzinnych w Cz\u0119stochowie i okolicach. Prowadz\u0119 weryfikacj\u0119 wycen pod k\u0105tem zgodno\u015bci z zam\u00f3wieniem i cenami rynkowymi. Dla inwestor\u00f3w dom\u00f3w jednorodzinnych polecam r\u00f3wnie\u017c wsp\u00f3\u0142prac\u0119 z r\u00f3\u017cnymi specjalistami bran\u017cowymi takimi jak:<\/strong><br \/>\n<strong> projektanci, geodeci, instalalatorzy.<\/strong><br \/>\n<strong> Przeprowadzam kontrole okresowe budynk\u00f3w-pomagam w\u0142a\u015bcicielom obiekt\u00f3w budowlanych przy podejmowaniu decyzji odo\u015bnie przeprowadzenia koniecznych napraw i remont\u00f3w. Pomagam w doborze materia\u0142\u00f3w od fundament\u00f3w do pokry\u0107 dachowych. Wsp\u00f3\u0142pracuj\u0119 z Polskim Stowarzyszeniem Dekarzy b\u0119d\u0105c cz\u0142onkiem komisji technicznej sporzadzaj\u0105cym opnie dotycz\u0105ce dach\u00f3w.<\/strong><\/p>\n<p style=\"text-align: center;\"><strong>Zapraszam do wsp\u00f3\u0142pracy.<br \/>\n<\/strong><\/p>\n","protected":false},"excerpt":{"rendered":"<p>Oferuj\u0119 swoje wieloletnie do\u015bwiadczenie nabyte przy realizacji du\u017cych bud\u00f3w na terenie ca\u0142ego kraju, jak r\u00f3wnie\u017c przy budowie wielu dom\u00f3w jednorodzinnych w Cz\u0119stochowie i okolicach. Prowadz\u0119 weryfikacj\u0119 wycen pod k\u0105tem zgodno\u015bci z zam\u00f3wieniem i cenami rynkowymi.<a class=\"read-more\" href=\"https:\/\/t-bud.eu\/\">Continue reading<\/a><\/p>\n","protected":false},"author":1,"featured_media":31,"parent":0,"menu_order":0,"comment_status":"closed","ping_status":"open","template":"","meta":{"footnotes":""},"class_list":["post-2","page","type-page","status-publish","has-post-thumbnail","hentry"],"_links":{"self":[{"href":"https:\/\/t-bud.eu\/index.php?rest_route=\/wp\/v2\/pages\/2","targetHints":{"allow":["GET"]}}],"collection":[{"href":"https:\/\/t-bud.eu\/index.php?rest_route=\/wp\/v2\/pages"}],"about":[{"href":"https:\/\/t-bud.eu\/index.php?rest_route=\/wp\/v2\/types\/page"}],"author":[{"embeddable":true,"href":"https:\/\/t-bud.eu\/index.php?rest_route=\/wp\/v2\/users\/1"}],"replies":[{"embeddable":true,"href":"https:\/\/t-bud.eu\/index.php?rest_route=%2Fwp%2Fv2%2Fcomments&post=2"}],"version-history":[{"count":28,"href":"https:\/\/t-bud.eu\/index.php?rest_route=\/wp\/v2\/pages\/2\/revisions"}],"predecessor-version":[{"id":190,"href":"https:\/\/t-bud.eu\/index.php?rest_route=\/wp\/v2\/pages\/2\/revisions\/190"}],"wp:featuredmedia":[{"embeddable":true,"href":"https:\/\/t-bud.eu\/index.php?rest_route=\/wp\/v2\/media\/31"}],"wp:attachment":[{"href":"https:\/\/t-bud.eu\/index.php?rest_route=%2Fwp%2Fv2%2Fmedia&parent=2"}],"curies":[{"name":"wp","href":"https:\/\/api.w.org\/{rel}","templated":true}]}}