{"id":172,"date":"2017-10-26T05:26:23","date_gmt":"2017-10-26T04:26:23","guid":{"rendered":"http:\/\/t-bud.eu\/?page_id=172"},"modified":"2017-10-26T05:26:23","modified_gmt":"2017-10-26T04:26:23","slug":"kierownik-budowy","status":"publish","type":"page","link":"https:\/\/t-bud.eu\/?page_id=172","title":{"rendered":"Kierownik budowy"},"content":{"rendered":"<p style=\"text-align: center;\"><strong>Oferuj\u0119 obs\u0142ug\u0119 inwestycji budowlanych: Nadz\u00f3r nad realizacj\u0105 przedsi\u0119wzi\u0119\u0107 budowlanych <\/strong><strong>polegaj\u0105cych na budowie , rozbudowie lub remoncie budynk\u00f3w i budowli. <\/strong><strong>Kontrola jako\u015bci, wymaga\u0144 zawartych w umowach na wykonanie ma\u0142ych i du\u017cych inwestycji pocz\u0105wszy <\/strong><strong>od przygotowania dokumentacji do uzyskania pozwolenia na budow\u0119. <\/strong><strong>Kierowanie i nadzorowanie bud\u00f3w do momentu pozwolenia na u\u017cytkownie. <\/strong><strong>Ocena stanu technicznego wszelkich budynk\u00f3w i budowli oraz przegl\u0105dy okresowe.<\/strong><\/p>\n","protected":false},"excerpt":{"rendered":"<p>Oferuj\u0119 obs\u0142ug\u0119 inwestycji budowlanych: Nadz\u00f3r nad realizacj\u0105 przedsi\u0119wzi\u0119\u0107 budowlanych polegaj\u0105cych na budowie , rozbudowie lub remoncie budynk\u00f3w i budowli. Kontrola jako\u015bci, wymaga\u0144 zawartych w umowach na wykonanie ma\u0142ych i du\u017cych inwestycji pocz\u0105wszy od przygotowania dokumentacji<a class=\"read-more\" href=\"https:\/\/t-bud.eu\/?page_id=172\">Continue reading<\/a><\/p>\n","protected":false},"author":1,"featured_media":0,"parent":0,"menu_order":0,"comment_status":"closed","ping_status":"closed","template":"","meta":{"footnotes":""},"class_list":["post-172","page","type-page","status-publish","hentry"],"_links":{"self":[{"href":"https:\/\/t-bud.eu\/index.php?rest_route=\/wp\/v2\/pages\/172","targetHints":{"allow":["GET"]}}],"collection":[{"href":"https:\/\/t-bud.eu\/index.php?rest_route=\/wp\/v2\/pages"}],"about":[{"href":"https:\/\/t-bud.eu\/index.php?rest_route=\/wp\/v2\/types\/page"}],"author":[{"embeddable":true,"href":"https:\/\/t-bud.eu\/index.php?rest_route=\/wp\/v2\/users\/1"}],"replies":[{"embeddable":true,"href":"https:\/\/t-bud.eu\/index.php?rest_route=%2Fwp%2Fv2%2Fcomments&post=172"}],"version-history":[{"count":1,"href":"https:\/\/t-bud.eu\/index.php?rest_route=\/wp\/v2\/pages\/172\/revisions"}],"predecessor-version":[{"id":174,"href":"https:\/\/t-bud.eu\/index.php?rest_route=\/wp\/v2\/pages\/172\/revisions\/174"}],"wp:attachment":[{"href":"https:\/\/t-bud.eu\/index.php?rest_route=%2Fwp%2Fv2%2Fmedia&parent=172"}],"curies":[{"name":"wp","href":"https:\/\/api.w.org\/{rel}","templated":true}]}}